{"id":401,"date":"2023-07-22T14:30:22","date_gmt":"2023-07-22T14:30:22","guid":{"rendered":"https:\/\/amplelong.com.tw\/?post_type=product&#038;p=401"},"modified":"2023-10-01T05:09:02","modified_gmt":"2023-10-01T05:09:02","slug":"%e4%b8%89%e5%b1%a4%e9%89%9a%e9%87%98","status":"publish","type":"product","link":"https:\/\/amplelong.com.tw\/en\/product\/%e4%b8%89%e5%b1%a4%e9%89%9a%e9%87%98\/","title":{"rendered":"Triple (multi-layer) Rivets"},"content":{"rendered":"<p>[Specifications]:<\/p>\n<p>1. Material: iron, aluminum, copper, stainless steel<\/p>\n<p>2. Specification size: according to the customer's needs molding, tube diameter \u00d8 2 ~ \u00d8 8 mm<\/p>\n<p>3. Common specifications: \u00d82mm, \u00d83mm, \u00d84mm, \u00d85mm, \u00d86mm, \u00d88mm<\/p>\n<p>4. Length 3~60mm, the formula for calculating the length of the nail is: thickness of the workpiece + ( pipe diameter \u00d8 X 0.65 )<\/p>\n<p>5. Surface treatment: Plating includes: nickel white, zinc, colorful zinc, copper, black zinc, black nickel, according to the material and customer requirements.<\/p>\n<p>6. Minimum order quantity: 20,000~50,000 pcs, customized according to drawings or samples.<\/p>\n<p>&nbsp;<\/p>\n<p>[Head type and size drawing]:<\/p>\n<p><img loading=\"lazy\" decoding=\"async\" class=\"alignnone wp-image-654 size-full\" src=\"https:\/\/amplelong.com.tw\/wp-content\/uploads\/2023\/07\/pp-1-3.jpg\" alt=\"\" width=\"573\" height=\"193\" \/><\/p>","protected":false},"excerpt":{"rendered":"<h3><strong>Triple<span lang=\"EN-US\">(<\/span>multi-layer<span lang=\"EN-US\">)<\/span>Rivets<\/strong><\/h3>\n<p class=\"m_-3970203900737979147MsoListParagraph\">Triple rivets are very customized products, which we develop to meet the needs of our customers.<u><\/u><u><\/u>This product is widely used in the production of mechanical products.<u><\/u><u><\/u>Industry, Hand Tools, Construction, Furniture...<span lang=\"EN-US\">..<\/span>etc.<u><\/u><u><\/u>We have aluminum, red brass, yellow brass, iron and other materials.<\/p>","protected":false},"featured_media":677,"comment_status":"closed","ping_status":"closed","template":"","meta":[],"product_cat":[15],"product_tag":[],"class_list":["post-401","product","type-product","status-publish","has-post-thumbnail","hentry","product_cat-uncategorized"],"_links":{"self":[{"href":"https:\/\/amplelong.com.tw\/en\/wp-json\/wp\/v2\/product\/401","targetHints":{"allow":["GET"]}}],"collection":[{"href":"https:\/\/amplelong.com.tw\/en\/wp-json\/wp\/v2\/product"}],"about":[{"href":"https:\/\/amplelong.com.tw\/en\/wp-json\/wp\/v2\/types\/product"}],"replies":[{"embeddable":true,"href":"https:\/\/amplelong.com.tw\/en\/wp-json\/wp\/v2\/comments?post=401"}],"wp:featuredmedia":[{"embeddable":true,"href":"https:\/\/amplelong.com.tw\/en\/wp-json\/wp\/v2\/media\/677"}],"wp:attachment":[{"href":"https:\/\/amplelong.com.tw\/en\/wp-json\/wp\/v2\/media?parent=401"}],"wp:term":[{"taxonomy":"product_cat","embeddable":true,"href":"https:\/\/amplelong.com.tw\/en\/wp-json\/wp\/v2\/product_cat?post=401"},{"taxonomy":"product_tag","embeddable":true,"href":"https:\/\/amplelong.com.tw\/en\/wp-json\/wp\/v2\/product_tag?post=401"}],"curies":[{"name":"wp","href":"https:\/\/api.w.org\/{rel}","templated":true}]}}