{"id":403,"date":"2023-07-22T14:33:32","date_gmt":"2023-07-22T14:33:32","guid":{"rendered":"https:\/\/amplelong.com.tw\/?post_type=product&#038;p=403"},"modified":"2023-09-08T07:02:17","modified_gmt":"2023-09-08T07:02:17","slug":"%e4%b8%ad%e7%a9%ba%e9%87%98","status":"publish","type":"product","link":"https:\/\/amplelong.com.tw\/en\/product\/%e4%b8%ad%e7%a9%ba%e9%87%98\/","title":{"rendered":"Solid Rivet"},"content":{"rendered":"<p><strong>[Specifications]:<\/strong><\/p>\n<p>1. Material: iron, aluminum, copper, stainless steel<\/p>\n<p>2. \u898f\u683c\u5c3a\u5bf8\uff1a\u76f4\u5f91 \u00d81.2, \u00d81.5, \u00d81.8, \u00d82, \u00d82.2, \u00d82.3, \u00d82.5, \u00d82.8, \u00d83, \u00d83.05, \u00d83.2, \u00d83.5, \u00d83.6, \u00d83.8, \u00d84, \u00d84.5, \u00d84.7, \u00d84.8, \u00d85, \u00d85.5, \u00d86, \u00d87, \u00d88, \u00d89, \u00d810<\/p>\n<p>3. Common specifications: Diameter \u00d81.5, \u00d82, \u00d82.5, \u00d83, \u00d83.05, \u00d83.5, \u00d84, \u00d84.5, \u00d84.7, \u00d85, \u00d86, \u00d88<\/p>\n<p>4. length <span style=\"font-weight: 400;\">2~160<\/span> The formula for calculating the length of the nail is the thickness of the workpiece + ( Pipe Diameter \u00d8 X 0.65 ).<\/p>\n<p>5. Surface treatment: plating including nickel, zinc, colorful zinc, copper, black zinc, black nickel, according to the material and customer requirements.<\/p>\n<p>6. Non-standard products: can be customized according to drawings or samples.<\/p>\n<p>7. Minimum order quantity:<span style=\"font-weight: 400;\">10000~50000 <\/span>object<\/p>\n<p><strong>[Head type and size drawing]:<\/strong><\/p>\n<p>&nbsp;<\/p>\n<p><img loading=\"lazy\" decoding=\"async\" class=\"alignnone size-medium wp-image-655\" src=\"https:\/\/amplelong.com.tw\/wp-content\/uploads\/2023\/07\/pp-2-2-576x400.jpg\" alt=\"\" width=\"576\" height=\"400\" srcset=\"https:\/\/amplelong.com.tw\/wp-content\/uploads\/2023\/07\/pp-2-2-576x400.jpg 576w, https:\/\/amplelong.com.tw\/wp-content\/uploads\/2023\/07\/pp-2-2.jpg 580w\" sizes=\"auto, (max-width: 576px) 100vw, 576px\" \/><\/p>","protected":false},"excerpt":{"rendered":"<h3><strong>Solid Rivet<\/strong><\/h3>\n<p>The upper and middle parts of the rivet cylinder are solid structure, the tail is hollow structure, when installing, the hollow part of the tail is extruded to turn the edge outward, forming a snap, fixing the connecting parts.In practice, compared with hollow nails, when the joint must withstand a stronger tensile capacity, should choose hollow nails. Hollow nails have been widely used in automobile parts, safety equipment (such as safety fasteners, escape equipment), stationery supplies, wheel bearings ... and so on, the application surface is quite extensive.<\/p>","protected":false},"featured_media":312,"comment_status":"closed","ping_status":"closed","template":"","meta":[],"product_cat":[15],"product_tag":[],"class_list":["post-403","product","type-product","status-publish","has-post-thumbnail","hentry","product_cat-uncategorized"],"_links":{"self":[{"href":"https:\/\/amplelong.com.tw\/en\/wp-json\/wp\/v2\/product\/403","targetHints":{"allow":["GET"]}}],"collection":[{"href":"https:\/\/amplelong.com.tw\/en\/wp-json\/wp\/v2\/product"}],"about":[{"href":"https:\/\/amplelong.com.tw\/en\/wp-json\/wp\/v2\/types\/product"}],"replies":[{"embeddable":true,"href":"https:\/\/amplelong.com.tw\/en\/wp-json\/wp\/v2\/comments?post=403"}],"wp:featuredmedia":[{"embeddable":true,"href":"https:\/\/amplelong.com.tw\/en\/wp-json\/wp\/v2\/media\/312"}],"wp:attachment":[{"href":"https:\/\/amplelong.com.tw\/en\/wp-json\/wp\/v2\/media?parent=403"}],"wp:term":[{"taxonomy":"product_cat","embeddable":true,"href":"https:\/\/amplelong.com.tw\/en\/wp-json\/wp\/v2\/product_cat?post=403"},{"taxonomy":"product_tag","embeddable":true,"href":"https:\/\/amplelong.com.tw\/en\/wp-json\/wp\/v2\/product_tag?post=403"}],"curies":[{"name":"wp","href":"https:\/\/api.w.org\/{rel}","templated":true}]}}