{"id":404,"date":"2023-07-22T14:37:34","date_gmt":"2023-07-22T14:37:34","guid":{"rendered":"https:\/\/amplelong.com.tw\/?post_type=product&#038;p=404"},"modified":"2023-10-01T05:11:50","modified_gmt":"2023-10-01T05:11:50","slug":"%e5%85%ac%e6%af%8d%e9%87%98","status":"publish","type":"product","link":"https:\/\/amplelong.com.tw\/en\/product\/%e5%85%ac%e6%af%8d%e9%87%98\/","title":{"rendered":"Male and Female Nails"},"content":{"rendered":"<p><strong>[Specifications]:<\/strong><\/p>\n<p>1. Material: iron, aluminum, copper, stainless steel<\/p>\n<p>2. Specification Size: Female Nail Pipe Diameter<span lang=\"EN-US\">\u00a0\u00d83<\/span>\uff5e<span lang=\"EN-US\">\u00d810mm\u00a0<\/span>Common Specification<span lang=\"EN-US\">\u00a0\u00d83, \u00d84, \u00d85, \u00d8 6 mm\u00a0<\/span>length<span lang=\"EN-US\">7mm<\/span>\uff5e<span lang=\"EN-US\">70mm\u00a0<\/span>\uff0c<u><\/u><u><\/u>Nail Diameter<span lang=\"EN-US\">\u00d82<\/span>\uff5e<span lang=\"EN-US\">\u00d88mm\u00a0<\/span>Common Specification<span lang=\"EN-US\">\u00a0\u00d8 M3, \u00d8 M4, \u00d85 M, \u00d8 M6\u00a0<\/span>length<span lang=\"EN-US\">5mm<\/span>\uff5e<span lang=\"EN-US\">18mm\u00a0<\/span>\u3002<\/p>\n<p>3. Head type: half-round head, flat head, funnel head (flat, TEPA)<\/p>\n<p>4. Surface treatment: nickel, zinc, copper, black zinc, black nickel, natural color, according to the material and customer's requirements.<\/p>\n<p>5. The formula for calculating the length of female nails is: the thickness of the workpiece minus 1mm.<\/p>\n<p>6. Minimum order quantity:<span style=\"font-weight: 400;\">20000~50000 <\/span>object<\/p>\n<p><strong>[Head type and size drawing]:<\/strong><\/p>\n<p><img loading=\"lazy\" decoding=\"async\" class=\"alignnone wp-image-656 size-full\" src=\"https:\/\/amplelong.com.tw\/wp-content\/uploads\/2023\/07\/pp-3-2.jpg\" alt=\"\" width=\"525\" height=\"387\" \/><\/p>","protected":false},"excerpt":{"rendered":"<h3><strong>Male and Female Nails<\/strong><\/h3>\n<p><span style=\"font-weight: 400;\">A male and female rivet is a combination of a semi-hollow rivet with a thick diameter (female rivet) and a solid rivet with a thin outer diameter (male rivet). They are commonly used in stationery, hand tools, leather goods, knives and jewelry, leather goods or workpieces that require an aesthetic appearance on both sides.<\/span><\/p>","protected":false},"featured_media":679,"comment_status":"closed","ping_status":"closed","template":"","meta":[],"product_cat":[15],"product_tag":[],"class_list":["post-404","product","type-product","status-publish","has-post-thumbnail","hentry","product_cat-uncategorized"],"_links":{"self":[{"href":"https:\/\/amplelong.com.tw\/en\/wp-json\/wp\/v2\/product\/404","targetHints":{"allow":["GET"]}}],"collection":[{"href":"https:\/\/amplelong.com.tw\/en\/wp-json\/wp\/v2\/product"}],"about":[{"href":"https:\/\/amplelong.com.tw\/en\/wp-json\/wp\/v2\/types\/product"}],"replies":[{"embeddable":true,"href":"https:\/\/amplelong.com.tw\/en\/wp-json\/wp\/v2\/comments?post=404"}],"wp:featuredmedia":[{"embeddable":true,"href":"https:\/\/amplelong.com.tw\/en\/wp-json\/wp\/v2\/media\/679"}],"wp:attachment":[{"href":"https:\/\/amplelong.com.tw\/en\/wp-json\/wp\/v2\/media?parent=404"}],"wp:term":[{"taxonomy":"product_cat","embeddable":true,"href":"https:\/\/amplelong.com.tw\/en\/wp-json\/wp\/v2\/product_cat?post=404"},{"taxonomy":"product_tag","embeddable":true,"href":"https:\/\/amplelong.com.tw\/en\/wp-json\/wp\/v2\/product_tag?post=404"}],"curies":[{"name":"wp","href":"https:\/\/api.w.org\/{rel}","templated":true}]}}