{"id":408,"date":"2023-07-22T14:49:10","date_gmt":"2023-07-22T14:49:10","guid":{"rendered":"https:\/\/amplelong.com.tw\/?post_type=product&#038;p=408"},"modified":"2023-10-01T05:16:22","modified_gmt":"2023-10-01T05:16:22","slug":"%e7%a9%ba%e5%bf%83%e9%87%98","status":"publish","type":"product","link":"https:\/\/amplelong.com.tw\/en\/product\/%e7%a9%ba%e5%bf%83%e9%87%98\/","title":{"rendered":"Tubular Rivet"},"content":{"rendered":"<p>[Specifications]:<\/p>\n<p>1. Material: iron plate, copper plate<\/p>\n<p>2. plating: nickel white, copper, black nickel<\/p>\n<p>3. Specification size: head diameter \u00d8 4mm, \u00d85 mm, \u00d86 mm, \u00d87 mm, \u00d88 mm, \u00d89 mm, \u00d810 mm, \u00d813 mm, \u00d815 Common specifications \u00d86 mm, \u00d88 mm, \u00d810 mm<\/p>\n<p>4. length 5mm\uff5e14mm, common specification 6mm\uff5e12mm<\/p>\n<p>5. Pipe Diameter: \u00d82 mm, \u00d82.5 mm, \u00d83, \u00d83.5 mm, \u00d84 mm Common Specification: \u00d83 mm, \u00d84mm<\/p>\n<p>6. Board thickness: 0.3 mm, 0.4 mm, 0.5 mm, common specification: 0.3 mm<\/p>\n<p>7. Non-standard products: can be customized according to drawings or samples.<\/p>\n<p>8. Minimum order quantity: 50,000 units<\/p>\n<p>[Head type and size drawing]:<\/p>\n<p><img loading=\"lazy\" decoding=\"async\" class=\"alignnone size-full wp-image-330\" src=\"https:\/\/amplelong.com.tw\/wp-content\/uploads\/2023\/07\/pp-8-2.gif\" alt=\"\" width=\"580\" height=\"215\" \/><\/p>","protected":false},"excerpt":{"rendered":"<h3><strong>Tubular Rivet<\/strong><\/h3>\n<p><span style=\"font-weight: 400;\">Hollow Nail \/ Male &amp; Female Push Nails are lightweight bonded fasteners commonly used in stationery, handwriting, and other applications.<\/span><span style=\"font-weight: 400;\">Tools, leather goods...etc. Commonly used materials are iron and brass.<\/span><\/p>","protected":false},"featured_media":680,"comment_status":"closed","ping_status":"closed","template":"","meta":[],"product_cat":[15],"product_tag":[],"class_list":["post-408","product","type-product","status-publish","has-post-thumbnail","hentry","product_cat-uncategorized"],"_links":{"self":[{"href":"https:\/\/amplelong.com.tw\/en\/wp-json\/wp\/v2\/product\/408","targetHints":{"allow":["GET"]}}],"collection":[{"href":"https:\/\/amplelong.com.tw\/en\/wp-json\/wp\/v2\/product"}],"about":[{"href":"https:\/\/amplelong.com.tw\/en\/wp-json\/wp\/v2\/types\/product"}],"replies":[{"embeddable":true,"href":"https:\/\/amplelong.com.tw\/en\/wp-json\/wp\/v2\/comments?post=408"}],"wp:featuredmedia":[{"embeddable":true,"href":"https:\/\/amplelong.com.tw\/en\/wp-json\/wp\/v2\/media\/680"}],"wp:attachment":[{"href":"https:\/\/amplelong.com.tw\/en\/wp-json\/wp\/v2\/media?parent=408"}],"wp:term":[{"taxonomy":"product_cat","embeddable":true,"href":"https:\/\/amplelong.com.tw\/en\/wp-json\/wp\/v2\/product_cat?post=408"},{"taxonomy":"product_tag","embeddable":true,"href":"https:\/\/amplelong.com.tw\/en\/wp-json\/wp\/v2\/product_tag?post=408"}],"curies":[{"name":"wp","href":"https:\/\/api.w.org\/{rel}","templated":true}]}}