{"id":409,"date":"2023-07-23T03:14:39","date_gmt":"2023-07-23T03:14:39","guid":{"rendered":"https:\/\/amplelong.com.tw\/?post_type=product&#038;p=409"},"modified":"2023-09-03T07:52:00","modified_gmt":"2023-09-03T07:52:00","slug":"%e5%af%a6%e5%bf%83%e9%89%9a%e9%87%98","status":"publish","type":"product","link":"https:\/\/amplelong.com.tw\/en\/product\/%e5%af%a6%e5%bf%83%e9%89%9a%e9%87%98\/","title":{"rendered":"Solid Rivet"},"content":{"rendered":"<p>[Specifications]:<\/p>\n<p>1. Material: iron, aluminum, copper, stainless steel<\/p>\n<p>2. Dimensions: \u00d81.0, \u00d81.1, \u00d81.2, \u00d81.5, \u00d81.8, \u00d82, \u00d82.2, \u00d82.3, \u00d82.5, \u00d82.8, \u00d83, \u00d83.05, \u00d83.2, \u00d83.5, \u00d83.6, \u00d83.8, \u00d84, \u00d84.5, \u00d84.7, \u00d84.8, \u00d85, \u00d85.5, \u00d86, \u00d87, \u00d88<\/p>\n<p>3. Common specifications: Diameter \u00d81.5, \u00d82, \u00d82.5, \u00d83, \u00d83.05, \u00d83.5, \u00d84, \u00d84.5, \u00d84.7, \u00d85, \u00d86, \u00d88<\/p>\n<p>4. length <span style=\"font-weight: 400;\">2MM~160MM <\/span>The formula for calculating the length of the nail is the thickness of the workpiece + ( Pipe Diameter \u00d8 X 0.65 ).<\/p>\n<p>5. Surface treatment: Plating includes: nickel, zinc, colorful zinc, copper, black zinc, black nickel, according to the material and customer requirements.<\/p>\n<p>6. Non-standard products: can be customized according to drawings or samples.<\/p>\n<p>7. Minimum order quantity:<span style=\"font-weight: 400;\">20000~50000 <\/span>object<\/p>\n<p>[Head type and size drawing]:<\/p>\n<p><img loading=\"lazy\" decoding=\"async\" class=\"alignnone size-full wp-image-339\" src=\"https:\/\/amplelong.com.tw\/wp-content\/uploads\/2023\/07\/pp-10-2.gif\" alt=\"\" width=\"568\" height=\"392\" \/><\/p>","protected":false},"excerpt":{"rendered":"<h3><strong>Solid Rivet<\/strong><\/h3>\n<p>Solid rivets have a shaft and a semi-circular head that can be deformed by hitting it with a hammer or a rivet gun. Solid rivets are generally used in applications where reliability and safety are emphasized and are an excellent structural connection, such as structural components of aircraft, for example, as well as car seats, escape equipment, safety ladders, and other more heavy-duty workpieces.<\/p>","protected":false},"featured_media":338,"comment_status":"closed","ping_status":"closed","template":"","meta":[],"product_cat":[15],"product_tag":[],"class_list":["post-409","product","type-product","status-publish","has-post-thumbnail","hentry","product_cat-uncategorized"],"_links":{"self":[{"href":"https:\/\/amplelong.com.tw\/en\/wp-json\/wp\/v2\/product\/409","targetHints":{"allow":["GET"]}}],"collection":[{"href":"https:\/\/amplelong.com.tw\/en\/wp-json\/wp\/v2\/product"}],"about":[{"href":"https:\/\/amplelong.com.tw\/en\/wp-json\/wp\/v2\/types\/product"}],"replies":[{"embeddable":true,"href":"https:\/\/amplelong.com.tw\/en\/wp-json\/wp\/v2\/comments?post=409"}],"wp:featuredmedia":[{"embeddable":true,"href":"https:\/\/amplelong.com.tw\/en\/wp-json\/wp\/v2\/media\/338"}],"wp:attachment":[{"href":"https:\/\/amplelong.com.tw\/en\/wp-json\/wp\/v2\/media?parent=409"}],"wp:term":[{"taxonomy":"product_cat","embeddable":true,"href":"https:\/\/amplelong.com.tw\/en\/wp-json\/wp\/v2\/product_cat?post=409"},{"taxonomy":"product_tag","embeddable":true,"href":"https:\/\/amplelong.com.tw\/en\/wp-json\/wp\/v2\/product_tag?post=409"}],"curies":[{"name":"wp","href":"https:\/\/api.w.org\/{rel}","templated":true}]}}