{"id":410,"date":"2023-07-23T03:16:39","date_gmt":"2023-07-23T03:16:39","guid":{"rendered":"https:\/\/amplelong.com.tw\/?post_type=product&#038;p=410"},"modified":"2023-10-02T07:59:28","modified_gmt":"2023-10-02T07:59:28","slug":"%e6%8d%b6%e9%87%98","status":"publish","type":"product","link":"https:\/\/amplelong.com.tw\/en\/product\/%e6%8d%b6%e9%87%98\/","title":{"rendered":"Pound Nails"},"content":{"rendered":"<p>[Specifications]:<\/p>\n<p>1. Material: Iron, Aluminum, Stainless Steel ( Common Aluminum Shell : 5052, PIN : 5056 )<\/p>\n<p>2. Specification Size: Pipe Diameter \u00d81\/8\"(3.15+-0.05mm), \u00d84mm, \u00d83\/16\" (4.75+-0.05mm), \u00d81\/4\"(6.35+-0.05mm), \u00d85\/16\" ( 7.9+-0.05mm )mm, \u00d83\/8\"(9.45+-0.05mm)<\/p>\n<p>3. Length 5mm~50mm<\/p>\n<p>4. Head diameter: \u00d86mm, \u00d88mm, \u00d89.5mm, \u00d812mm, \u00d813mm, \u00d814mm, \u00d815mm, \u00d816mm<\/p>\n<p>5. <span style=\"font-weight: 400;\">Surface treatment - Electro zinc\/nickel plating, nitro washing, vibratory grinding<\/span><\/p>\n<p>6. Non-standard products: can be customized according to drawings or samples.<\/p>\n<p>7. Minimum order quantity: 50,000 units<\/p>\n<p>[Head type and size drawing]:<\/p>\n<p><img loading=\"lazy\" decoding=\"async\" class=\"alignnone size-medium wp-image-342\" src=\"https:\/\/amplelong.com.tw\/wp-content\/uploads\/2023\/07\/pp-11-2-531x400.gif\" alt=\"\" width=\"531\" height=\"400\" \/><\/p>","protected":false},"excerpt":{"rendered":"<h3><strong>Pound Nails<\/strong><\/h3>\n<p><span style=\"font-weight: 400;\">\u6376\u91d8\u8a2d\u8a08\u7528\u65bc\u7c21\u55ae\u5feb\u901f\u7684\u64cd\u4f5c\u3002\u53ea\u9700\u63d2\u5165\u925a\u91d8\uff0c\u6572\u64ca\u92b7\u91d8\uff0c\u7136\u5f8c\u5c07\u7269\u4ef6\u7dca\u7dca\u5730\u62c9\u5728\u4e00\u8d77\u3002\u8868\u9762\u5e73\u6ed1\uff0c\u7121\u9700\u4e8c\u6b21\u64cd\u4f5c\u3002 \u76ee\u524d\u9318\u91d8\u5df2\u88ab\u5ee3\u6cdb\u7684\u61c9\u7528\u65bc\u8f2a\u8239\u3001\u98db\u6a5f\u3001\u8eca\u9ad4\u3001\u5bb6\u7528\u5668\u5177\u3001\u6e38\u6cf3\u6c60\u5167\u896f\u3001\u5c4b\u9802\u3001\u5efa\u7bc9\u3001\u4ee5\u53ca\u91d1\u5c6c\u8207\u6728\u677f\u4e4b\u7d44\u5408\u2026\u7b49\u3002<\/span><\/p>","protected":false},"featured_media":341,"comment_status":"closed","ping_status":"closed","template":"","meta":[],"product_cat":[15],"product_tag":[],"class_list":["post-410","product","type-product","status-publish","has-post-thumbnail","hentry","product_cat-uncategorized"],"_links":{"self":[{"href":"https:\/\/amplelong.com.tw\/en\/wp-json\/wp\/v2\/product\/410","targetHints":{"allow":["GET"]}}],"collection":[{"href":"https:\/\/amplelong.com.tw\/en\/wp-json\/wp\/v2\/product"}],"about":[{"href":"https:\/\/amplelong.com.tw\/en\/wp-json\/wp\/v2\/types\/product"}],"replies":[{"embeddable":true,"href":"https:\/\/amplelong.com.tw\/en\/wp-json\/wp\/v2\/comments?post=410"}],"wp:featuredmedia":[{"embeddable":true,"href":"https:\/\/amplelong.com.tw\/en\/wp-json\/wp\/v2\/media\/341"}],"wp:attachment":[{"href":"https:\/\/amplelong.com.tw\/en\/wp-json\/wp\/v2\/media?parent=410"}],"wp:term":[{"taxonomy":"product_cat","embeddable":true,"href":"https:\/\/amplelong.com.tw\/en\/wp-json\/wp\/v2\/product_cat?post=410"},{"taxonomy":"product_tag","embeddable":true,"href":"https:\/\/amplelong.com.tw\/en\/wp-json\/wp\/v2\/product_tag?post=410"}],"curies":[{"name":"wp","href":"https:\/\/api.w.org\/{rel}","templated":true}]}}