{"id":530,"date":"2023-07-27T04:52:06","date_gmt":"2023-07-27T04:52:06","guid":{"rendered":"https:\/\/amplelong.com.tw\/?post_type=product&#038;p=530"},"modified":"2023-10-01T05:09:53","modified_gmt":"2023-10-01T05:09:53","slug":"%e5%85%ac%e6%af%8d%e5%a5%97%e8%9e%ba%e7%b5%b2%e9%87%98","status":"publish","type":"product","link":"https:\/\/amplelong.com.tw\/en\/product\/%e5%85%ac%e6%af%8d%e5%a5%97%e8%9e%ba%e7%b5%b2%e9%87%98\/","title":{"rendered":"Screw Set or Sex Bolts"},"content":{"rendered":"<p>[Head type and size drawing]:<\/p>\n<p><img loading=\"lazy\" decoding=\"async\" class=\"alignnone size-full wp-image-532\" src=\"https:\/\/amplelong.com.tw\/wp-content\/uploads\/2023\/07\/pp-4-2-1.gif\" alt=\"\" width=\"565\" height=\"233\" \/><\/p>","protected":false},"excerpt":{"rendered":"<p>[Description]:<\/p>\n<p><span style=\"font-weight: 400;\">Male and female screws have a more beautiful appearance than other fasteners, and can be removed and reassembled, usually used in stationery, hand tools, leather goods, knives, we have aluminum, red brass, copper, iron, stainless steel material, and are now customized production.<\/span><\/p>\n<p>[Specifications]:<\/p>\n<p>1. Material: iron, aluminum, copper, stainless steel<\/p>\n<p>2. the size of the specification:<span style=\"font-weight: 400;\">Female Nail Pipe Diameter \u00d84\uff5e\u00d812mm Common Specification \u00d84, \u00d85, \u00d86, \u00d88 mm; Length 4mm\uff5e80mm,<\/span><span style=\"font-weight: 400;\">Male Pipe Diameter \u00d83\uff5e\u00d89mm Common Specification \u00d8 M3, \u00d8 M4, \u00d85 M, \u00d8 M6; Length 5mm\uff5e18mm<\/span><\/p>\n<p>3. Head type: half-round head, flat head, one-piece head, cross head, one-plus-cross head, internal hexagonal head, internal hexagonal plum blossom head.<\/p>\n<p>4. Surface treatment: plating including: nickel, zinc, copper, black zinc, black nickel, natural color, according to the material and customer requirements<\/p>\n<p>5. The formula for calculating the length of female nails is: the thickness of the workpiece minus 1mm.<\/p>\n<p>6. Non-standard products: can be customized according to drawings or samples.<\/p>\n<p>7. Minimum order quantity:<span style=\"font-weight: 400;\">20000~50000<\/span><\/p>","protected":false},"featured_media":531,"comment_status":"closed","ping_status":"closed","template":"","meta":[],"product_cat":[15],"product_tag":[],"class_list":["post-530","product","type-product","status-publish","has-post-thumbnail","hentry","product_cat-uncategorized"],"_links":{"self":[{"href":"https:\/\/amplelong.com.tw\/en\/wp-json\/wp\/v2\/product\/530","targetHints":{"allow":["GET"]}}],"collection":[{"href":"https:\/\/amplelong.com.tw\/en\/wp-json\/wp\/v2\/product"}],"about":[{"href":"https:\/\/amplelong.com.tw\/en\/wp-json\/wp\/v2\/types\/product"}],"replies":[{"embeddable":true,"href":"https:\/\/amplelong.com.tw\/en\/wp-json\/wp\/v2\/comments?post=530"}],"wp:featuredmedia":[{"embeddable":true,"href":"https:\/\/amplelong.com.tw\/en\/wp-json\/wp\/v2\/media\/531"}],"wp:attachment":[{"href":"https:\/\/amplelong.com.tw\/en\/wp-json\/wp\/v2\/media?parent=530"}],"wp:term":[{"taxonomy":"product_cat","embeddable":true,"href":"https:\/\/amplelong.com.tw\/en\/wp-json\/wp\/v2\/product_cat?post=530"},{"taxonomy":"product_tag","embeddable":true,"href":"https:\/\/amplelong.com.tw\/en\/wp-json\/wp\/v2\/product_tag?post=530"}],"curies":[{"name":"wp","href":"https:\/\/api.w.org\/{rel}","templated":true}]}}